{"id":715,"date":"2023-03-13T15:51:46","date_gmt":"2023-03-13T15:51:46","guid":{"rendered":"https:\/\/ptsridewibaruna.co.id\/?page_id=715"},"modified":"2023-04-16T20:17:02","modified_gmt":"2023-04-16T20:17:02","slug":"privacy-policy","status":"publish","type":"page","link":"https:\/\/ptsridewibaruna.co.id\/fr\/privacy-policy\/","title":{"rendered":"Politique de confidentialit\u00e9"},"content":{"rendered":"<div data-elementor-type=\"wp-page\" data-elementor-id=\"715\" class=\"elementor elementor-715\">\n\t\t\t\t\t\t\t\t\t<section class=\"elementor-section elementor-top-section elementor-element elementor-element-b070bfb elementor-section-height-min-height elementor-section-items-bottom elementor-section-boxed elementor-section-height-default\" data-id=\"b070bfb\" data-element_type=\"section\" data-settings=\"{&quot;background_background&quot;:&quot;classic&quot;}\">\n\t\t\t\t\t\t\t<div class=\"elementor-background-overlay\"><\/div>\n\t\t\t\t\t\t\t<div class=\"elementor-container elementor-column-gap-default\">\n\t\t\t\t\t<div class=\"elementor-column elementor-col-100 elementor-top-column elementor-element elementor-element-a7cdd2d\" data-id=\"a7cdd2d\" data-element_type=\"column\">\n\t\t\t<div class=\"elementor-widget-wrap elementor-element-populated\">\n\t\t\t\t\t\t\t\t<div class=\"elementor-element elementor-element-e40059e elementor-invisible elementor-widget elementor-widget-heading\" data-id=\"e40059e\" data-element_type=\"widget\" data-settings=\"{&quot;_animation&quot;:&quot;fadeInDown&quot;}\" data-widget_type=\"heading.default\">\n\t\t\t\t<div class=\"elementor-widget-container\">\n\t\t\t<style>\/*! elementor - v3.11.5 - 14-03-2023 *\/\n.elementor-heading-title{padding:0;margin:0;line-height:1}.elementor-widget-heading .elementor-heading-title[class*=elementor-size-]>a{color:inherit;font-size:inherit;line-height:inherit}.elementor-widget-heading .elementor-heading-title.elementor-size-small{font-size:15px}.elementor-widget-heading .elementor-heading-title.elementor-size-medium{font-size:19px}.elementor-widget-heading .elementor-heading-title.elementor-size-large{font-size:29px}.elementor-widget-heading .elementor-heading-title.elementor-size-xl{font-size:39px}.elementor-widget-heading .elementor-heading-title.elementor-size-xxl{font-size:59px}<\/style><h1 class=\"elementor-heading-title elementor-size-xl\">Politique de confidentialit\u00e9<\/h1>\t\t<\/div>\n\t\t\t\t<\/div>\n\t\t\t\t\t<\/div>\n\t\t<\/div>\n\t\t\t\t\t\t\t<\/div>\n\t\t<\/section>\n\t\t\t\t<section class=\"elementor-section elementor-top-section elementor-element elementor-element-d4a726e elementor-section-full_width elementor-section-height-default elementor-section-height-default\" data-id=\"d4a726e\" data-element_type=\"section\" data-settings=\"{&quot;background_background&quot;:&quot;classic&quot;}\">\n\t\t\t\t\t\t<div class=\"elementor-container elementor-column-gap-default\">\n\t\t\t\t\t<div class=\"elementor-column elementor-col-33 elementor-top-column elementor-element elementor-element-6dd0757 elementor-hidden-mobile\" data-id=\"6dd0757\" data-element_type=\"column\">\n\t\t\t<div class=\"elementor-widget-wrap\">\n\t\t\t\t\t\t\t\t\t<\/div>\n\t\t<\/div>\n\t\t\t\t<div class=\"elementor-column elementor-col-66 elementor-top-column elementor-element elementor-element-a1969db\" data-id=\"a1969db\" data-element_type=\"column\">\n\t\t\t<div class=\"elementor-widget-wrap elementor-element-populated\">\n\t\t\t\t\t\t\t\t<section class=\"elementor-section elementor-inner-section elementor-element elementor-element-844085c elementor-section-boxed elementor-section-height-default elementor-section-height-default\" data-id=\"844085c\" data-element_type=\"section\">\n\t\t\t\t\t\t<div class=\"elementor-container elementor-column-gap-default\">\n\t\t\t\t\t<div class=\"elementor-column elementor-col-100 elementor-inner-column elementor-element elementor-element-e805142\" data-id=\"e805142\" data-element_type=\"column\">\n\t\t\t<div class=\"elementor-widget-wrap elementor-element-populated\">\n\t\t\t\t\t\t\t\t<div class=\"elementor-element elementor-element-f656073 elementor-hidden-tablet elementor-hidden-mobile elementor-widget elementor-widget-menu-anchor\" data-id=\"f656073\" data-element_type=\"widget\" data-widget_type=\"menu-anchor.default\">\n\t\t\t\t<div class=\"elementor-widget-container\">\n\t\t\t<style>\/*! elementor - v3.11.5 - 14-03-2023 *\/\nbody.elementor-page .elementor-widget-menu-anchor{margin-bottom:0}<\/style>\t\t<div id=\"section-1\" class=\"elementor-menu-anchor\"><\/div>\n\t\t\t\t<\/div>\n\t\t\t\t<\/div>\n\t\t\t\t<div class=\"elementor-element elementor-element-4c6ca8f elementor-widget elementor-widget-heading\" data-id=\"4c6ca8f\" data-element_type=\"widget\" data-widget_type=\"heading.default\">\n\t\t\t\t<div class=\"elementor-widget-container\">\n\t\t\t<h2 class=\"elementor-heading-title elementor-size-default\">Collecte et utilisation des informations personnelles<\/h2>\t\t<\/div>\n\t\t\t\t<\/div>\n\t\t\t\t<div class=\"elementor-element elementor-element-730fc1e elementor-widget elementor-widget-text-editor\" data-id=\"730fc1e\" data-element_type=\"widget\" data-widget_type=\"text-editor.default\">\n\t\t\t\t<div class=\"elementor-widget-container\">\n\t\t\t<style>\/*! elementor - v3.11.5 - 14-03-2023 *\/\n.elementor-widget-text-editor.elementor-drop-cap-view-stacked .elementor-drop-cap{background-color:#818a91;color:#fff}.elementor-widget-text-editor.elementor-drop-cap-view-framed .elementor-drop-cap{color:#818a91;border:3px solid;background-color:transparent}.elementor-widget-text-editor:not(.elementor-drop-cap-view-default) .elementor-drop-cap{margin-top:8px}.elementor-widget-text-editor:not(.elementor-drop-cap-view-default) .elementor-drop-cap-letter{width:1em;height:1em}.elementor-widget-text-editor .elementor-drop-cap{float:left;text-align:center;line-height:1;font-size:50px}.elementor-widget-text-editor .elementor-drop-cap-letter{display:inline-block}<\/style>\t\t\t\t<p>Nous collectons des informations personnelles, telles que votre nom, adresse e-mail et num\u00e9ro de t\u00e9l\u00e9phone, lorsque vous nous les fournissez. Ces informations sont utilis\u00e9es pour vous contacter au sujet de nos services et pour vous fournir les informations que vous avez demand\u00e9es.<\/p><p>Nous pouvons \u00e9galement collecter des informations sur la fa\u00e7on dont vous utilisez nos services, telles que les pages que vous visitez et les actions que vous effectuez sur notre site Web. Ces informations sont utilis\u00e9es pour am\u00e9liorer nos services et pour mieux comprendre comment nos utilisateurs interagissent avec notre site Web.<\/p>\t\t\t\t\t\t<\/div>\n\t\t\t\t<\/div>\n\t\t\t\t<div class=\"elementor-element elementor-element-df83549 elementor-hidden-tablet elementor-hidden-mobile elementor-widget elementor-widget-menu-anchor\" data-id=\"df83549\" data-element_type=\"widget\" data-widget_type=\"menu-anchor.default\">\n\t\t\t\t<div class=\"elementor-widget-container\">\n\t\t\t\t\t<div id=\"section-2\" class=\"elementor-menu-anchor\"><\/div>\n\t\t\t\t<\/div>\n\t\t\t\t<\/div>\n\t\t\t\t\t<\/div>\n\t\t<\/div>\n\t\t\t\t\t\t\t<\/div>\n\t\t<\/section>\n\t\t\t\t<section class=\"elementor-section elementor-inner-section elementor-element elementor-element-947c8c2 elementor-section-boxed elementor-section-height-default elementor-section-height-default\" data-id=\"947c8c2\" data-element_type=\"section\">\n\t\t\t\t\t\t<div class=\"elementor-container elementor-column-gap-default\">\n\t\t\t\t\t<div class=\"elementor-column elementor-col-100 elementor-inner-column elementor-element elementor-element-ca562f1\" data-id=\"ca562f1\" data-element_type=\"column\">\n\t\t\t<div class=\"elementor-widget-wrap elementor-element-populated\">\n\t\t\t\t\t\t\t\t<div class=\"elementor-element elementor-element-9315399 elementor-widget elementor-widget-heading\" data-id=\"9315399\" data-element_type=\"widget\" data-widget_type=\"heading.default\">\n\t\t\t\t<div class=\"elementor-widget-container\">\n\t\t\t<h2 class=\"elementor-heading-title elementor-size-default\">Divulgation des informations personnelles<\/h2>\t\t<\/div>\n\t\t\t\t<\/div>\n\t\t\t\t<div class=\"elementor-element elementor-element-2ee42ce elementor-widget elementor-widget-text-editor\" data-id=\"2ee42ce\" data-element_type=\"widget\" data-widget_type=\"text-editor.default\">\n\t\t\t\t<div class=\"elementor-widget-container\">\n\t\t\t\t\t\t\t<p>Nous pouvons partager vos informations personnelles avec nos fournisseurs de services tiers qui nous aident \u00e0 fournir nos services. Ces prestataires de services peuvent avoir acc\u00e8s \u00e0 vos informations personnelles, mais uniquement dans la mesure n\u00e9cessaire pour ex\u00e9cuter leurs services.<\/p><p>Nous pouvons \u00e9galement divulguer vos informations personnelles si la loi l'exige ou en r\u00e9ponse \u00e0 une demande valide d'une agence d'application de la loi.<\/p>\t\t\t\t\t\t<\/div>\n\t\t\t\t<\/div>\n\t\t\t\t<div class=\"elementor-element elementor-element-4d92152 elementor-hidden-tablet elementor-hidden-mobile elementor-widget elementor-widget-menu-anchor\" data-id=\"4d92152\" data-element_type=\"widget\" data-widget_type=\"menu-anchor.default\">\n\t\t\t\t<div class=\"elementor-widget-container\">\n\t\t\t\t\t<div id=\"section-3\" class=\"elementor-menu-anchor\"><\/div>\n\t\t\t\t<\/div>\n\t\t\t\t<\/div>\n\t\t\t\t\t<\/div>\n\t\t<\/div>\n\t\t\t\t\t\t\t<\/div>\n\t\t<\/section>\n\t\t\t\t<section class=\"elementor-section elementor-inner-section elementor-element elementor-element-b9dc4ca elementor-section-boxed elementor-section-height-default elementor-section-height-default\" data-id=\"b9dc4ca\" data-element_type=\"section\">\n\t\t\t\t\t\t<div class=\"elementor-container elementor-column-gap-default\">\n\t\t\t\t\t<div class=\"elementor-column elementor-col-100 elementor-inner-column elementor-element elementor-element-140bfad\" data-id=\"140bfad\" data-element_type=\"column\">\n\t\t\t<div class=\"elementor-widget-wrap elementor-element-populated\">\n\t\t\t\t\t\t\t\t<div class=\"elementor-element elementor-element-f4ba64b elementor-widget elementor-widget-heading\" data-id=\"f4ba64b\" data-element_type=\"widget\" data-widget_type=\"heading.default\">\n\t\t\t\t<div class=\"elementor-widget-container\">\n\t\t\t<h2 class=\"elementor-heading-title elementor-size-default\">S\u00e9curit\u00e9<\/h2>\t\t<\/div>\n\t\t\t\t<\/div>\n\t\t\t\t<div class=\"elementor-element elementor-element-0bb823d elementor-widget elementor-widget-text-editor\" data-id=\"0bb823d\" data-element_type=\"widget\" data-widget_type=\"text-editor.default\">\n\t\t\t\t<div class=\"elementor-widget-container\">\n\t\t\t\t\t\t\t<p>Nous prenons la s\u00e9curit\u00e9 de vos informations personnelles au s\u00e9rieux et avons mis en place des mesures pour les prot\u00e9ger contre tout acc\u00e8s, utilisation ou divulgation non autoris\u00e9s.<\/p>\t\t\t\t\t\t<\/div>\n\t\t\t\t<\/div>\n\t\t\t\t<div class=\"elementor-element elementor-element-df7cf47 elementor-hidden-tablet elementor-hidden-mobile elementor-widget elementor-widget-menu-anchor\" data-id=\"df7cf47\" data-element_type=\"widget\" data-widget_type=\"menu-anchor.default\">\n\t\t\t\t<div class=\"elementor-widget-container\">\n\t\t\t\t\t<div id=\"section-4\" class=\"elementor-menu-anchor\"><\/div>\n\t\t\t\t<\/div>\n\t\t\t\t<\/div>\n\t\t\t\t\t<\/div>\n\t\t<\/div>\n\t\t\t\t\t\t\t<\/div>\n\t\t<\/section>\n\t\t\t\t<section class=\"elementor-section elementor-inner-section elementor-element elementor-element-442a7bc elementor-section-boxed elementor-section-height-default elementor-section-height-default\" data-id=\"442a7bc\" data-element_type=\"section\">\n\t\t\t\t\t\t<div class=\"elementor-container elementor-column-gap-default\">\n\t\t\t\t\t<div class=\"elementor-column elementor-col-100 elementor-inner-column elementor-element elementor-element-a718309\" data-id=\"a718309\" data-element_type=\"column\">\n\t\t\t<div class=\"elementor-widget-wrap elementor-element-populated\">\n\t\t\t\t\t\t\t\t<div class=\"elementor-element elementor-element-f46cf22 elementor-widget elementor-widget-heading\" data-id=\"f46cf22\" data-element_type=\"widget\" data-widget_type=\"heading.default\">\n\t\t\t\t<div class=\"elementor-widget-container\">\n\t\t\t<h2 class=\"elementor-heading-title elementor-size-default\">Cookies et autres technologies de suivi<\/h2>\t\t<\/div>\n\t\t\t\t<\/div>\n\t\t\t\t<div class=\"elementor-element elementor-element-829ac3a elementor-widget elementor-widget-text-editor\" data-id=\"829ac3a\" data-element_type=\"widget\" data-widget_type=\"text-editor.default\">\n\t\t\t\t<div class=\"elementor-widget-container\">\n\t\t\t\t\t\t\t<p>Nous utilisons des cookies et d'autres technologies de suivi pour collecter des informations sur votre utilisation de notre site Web, pour am\u00e9liorer notre site Web et nos services, et pour fournir un contenu et une publicit\u00e9 personnalis\u00e9s. Vous pouvez contr\u00f4ler l'utilisation des cookies via les param\u00e8tres de votre navigateur.<\/p>\t\t\t\t\t\t<\/div>\n\t\t\t\t<\/div>\n\t\t\t\t<div class=\"elementor-element elementor-element-ce1a98d elementor-hidden-tablet elementor-hidden-mobile elementor-widget elementor-widget-menu-anchor\" data-id=\"ce1a98d\" data-element_type=\"widget\" data-widget_type=\"menu-anchor.default\">\n\t\t\t\t<div class=\"elementor-widget-container\">\n\t\t\t\t\t<div id=\"section-5\" class=\"elementor-menu-anchor\"><\/div>\n\t\t\t\t<\/div>\n\t\t\t\t<\/div>\n\t\t\t\t\t<\/div>\n\t\t<\/div>\n\t\t\t\t\t\t\t<\/div>\n\t\t<\/section>\n\t\t\t\t<section class=\"elementor-section elementor-inner-section elementor-element elementor-element-030552a elementor-section-boxed elementor-section-height-default elementor-section-height-default\" data-id=\"030552a\" data-element_type=\"section\">\n\t\t\t\t\t\t<div class=\"elementor-container elementor-column-gap-default\">\n\t\t\t\t\t<div class=\"elementor-column elementor-col-100 elementor-inner-column elementor-element elementor-element-994c609\" data-id=\"994c609\" data-element_type=\"column\">\n\t\t\t<div class=\"elementor-widget-wrap elementor-element-populated\">\n\t\t\t\t\t\t\t\t<div class=\"elementor-element elementor-element-4542ddb elementor-widget elementor-widget-heading\" data-id=\"4542ddb\" data-element_type=\"widget\" data-widget_type=\"heading.default\">\n\t\t\t\t<div class=\"elementor-widget-container\">\n\t\t\t<h2 class=\"elementor-heading-title elementor-size-default\">Vos droits<\/h2>\t\t<\/div>\n\t\t\t\t<\/div>\n\t\t\t\t<div class=\"elementor-element elementor-element-378f79d elementor-widget elementor-widget-text-editor\" data-id=\"378f79d\" data-element_type=\"widget\" data-widget_type=\"text-editor.default\">\n\t\t\t\t<div class=\"elementor-widget-container\">\n\t\t\t\t\t\t\t<p>Vous avez le droit d'acc\u00e9der, de corriger ou de supprimer vos informations personnelles que nous avons collect\u00e9es. Vous avez \u00e9galement le droit de vous opposer au traitement de vos informations personnelles et d'en limiter l'utilisation. Pour exercer ces droits, veuillez nous contacter par e-mail \u00e0 l'adresse info@ptsridewibaruna.co.id.<\/p>\t\t\t\t\t\t<\/div>\n\t\t\t\t<\/div>\n\t\t\t\t<div class=\"elementor-element elementor-element-193bab2 elementor-hidden-tablet elementor-hidden-mobile elementor-widget elementor-widget-menu-anchor\" data-id=\"193bab2\" data-element_type=\"widget\" data-widget_type=\"menu-anchor.default\">\n\t\t\t\t<div class=\"elementor-widget-container\">\n\t\t\t\t\t<div id=\"section-6\" class=\"elementor-menu-anchor\"><\/div>\n\t\t\t\t<\/div>\n\t\t\t\t<\/div>\n\t\t\t\t\t<\/div>\n\t\t<\/div>\n\t\t\t\t\t\t\t<\/div>\n\t\t<\/section>\n\t\t\t\t<section class=\"elementor-section elementor-inner-section elementor-element elementor-element-52c3aef elementor-section-boxed elementor-section-height-default elementor-section-height-default\" data-id=\"52c3aef\" data-element_type=\"section\">\n\t\t\t\t\t\t<div class=\"elementor-container elementor-column-gap-default\">\n\t\t\t\t\t<div class=\"elementor-column elementor-col-100 elementor-inner-column elementor-element elementor-element-e21c6f5\" data-id=\"e21c6f5\" data-element_type=\"column\">\n\t\t\t<div class=\"elementor-widget-wrap elementor-element-populated\">\n\t\t\t\t\t\t\t\t<div class=\"elementor-element elementor-element-2c7d4f3 elementor-widget elementor-widget-heading\" data-id=\"2c7d4f3\" data-element_type=\"widget\" data-widget_type=\"heading.default\">\n\t\t\t\t<div class=\"elementor-widget-container\">\n\t\t\t<h2 class=\"elementor-heading-title elementor-size-default\">Conservation des informations personnelles<\/h2>\t\t<\/div>\n\t\t\t\t<\/div>\n\t\t\t\t<div class=\"elementor-element elementor-element-9bf5f2a elementor-widget elementor-widget-text-editor\" data-id=\"9bf5f2a\" data-element_type=\"widget\" data-widget_type=\"text-editor.default\">\n\t\t\t\t<div class=\"elementor-widget-container\">\n\t\t\t\t\t\t\t<p>Nous conserverons vos informations personnelles uniquement pendant la dur\u00e9e n\u00e9cessaire pour remplir les objectifs pour lesquels elles ont \u00e9t\u00e9 collect\u00e9es ou tel que requis par la loi.<\/p>\t\t\t\t\t\t<\/div>\n\t\t\t\t<\/div>\n\t\t\t\t<div class=\"elementor-element elementor-element-17b0ffe elementor-hidden-tablet elementor-hidden-mobile elementor-widget elementor-widget-menu-anchor\" data-id=\"17b0ffe\" data-element_type=\"widget\" data-widget_type=\"menu-anchor.default\">\n\t\t\t\t<div class=\"elementor-widget-container\">\n\t\t\t\t\t<div id=\"section-7\" class=\"elementor-menu-anchor\"><\/div>\n\t\t\t\t<\/div>\n\t\t\t\t<\/div>\n\t\t\t\t\t<\/div>\n\t\t<\/div>\n\t\t\t\t\t\t\t<\/div>\n\t\t<\/section>\n\t\t\t\t<section class=\"elementor-section elementor-inner-section elementor-element elementor-element-845e827 elementor-section-boxed elementor-section-height-default elementor-section-height-default\" data-id=\"845e827\" data-element_type=\"section\">\n\t\t\t\t\t\t<div class=\"elementor-container elementor-column-gap-default\">\n\t\t\t\t\t<div class=\"elementor-column elementor-col-100 elementor-inner-column elementor-element elementor-element-9ac4ec7\" data-id=\"9ac4ec7\" data-element_type=\"column\">\n\t\t\t<div class=\"elementor-widget-wrap elementor-element-populated\">\n\t\t\t\t\t\t\t\t<div class=\"elementor-element elementor-element-c02a77b elementor-widget elementor-widget-heading\" data-id=\"c02a77b\" data-element_type=\"widget\" data-widget_type=\"heading.default\">\n\t\t\t\t<div class=\"elementor-widget-container\">\n\t\t\t<h2 class=\"elementor-heading-title elementor-size-default\">Modifications de cette politique de confidentialit\u00e9<\/h2>\t\t<\/div>\n\t\t\t\t<\/div>\n\t\t\t\t<div class=\"elementor-element elementor-element-79cc544 elementor-widget elementor-widget-text-editor\" data-id=\"79cc544\" data-element_type=\"widget\" data-widget_type=\"text-editor.default\">\n\t\t\t\t<div class=\"elementor-widget-container\">\n\t\t\t\t\t\t\t<p>Nous pouvons mettre \u00e0 jour cette politique de confidentialit\u00e9 de temps en temps en publiant une nouvelle version sur notre site Web. Nous vous encourageons \u00e0 consulter cette politique de confidentialit\u00e9 p\u00e9riodiquement pour prendre connaissance des \u00e9ventuelles modifications.<\/p>\t\t\t\t\t\t<\/div>\n\t\t\t\t<\/div>\n\t\t\t\t\t<\/div>\n\t\t<\/div>\n\t\t\t\t\t\t\t<\/div>\n\t\t<\/section>\n\t\t\t\t\t<\/div>\n\t\t<\/div>\n\t\t\t\t\t\t\t<\/div>\n\t\t<\/section>\n\t\t\t\t\t\t\t<\/div>","protected":false},"excerpt":{"rendered":"<p>Privacy Policy 1. Collection and Use of Personal Information 2. Disclosure of Personal Information 3. Security 4. Cookies and Other Tracking Technologies 5. Your Rights 6. Retention of Personal Information 7. Changes to this Privacy Policy 1. Collection and Use of Personal Information We collect personal information, such as your name, email address, and phone [&hellip;]<\/p>","protected":false},"author":1,"featured_media":0,"parent":0,"menu_order":0,"comment_status":"closed","ping_status":"closed","template":"","meta":[],"yoast_head":"<!-- This site is optimized with the Yoast SEO plugin v20.4 - https:\/\/yoast.com\/wordpress\/plugins\/seo\/ -->\n<title>Privacy Policy - PT Sri Dewi Baruna<\/title>\n<meta name=\"robots\" content=\"index, follow, max-snippet:-1, max-image-preview:large, max-video-preview:-1\" \/>\n<link rel=\"canonical\" href=\"https:\/\/ptsridewibaruna.co.id\/fr\/privacy-policy\/\" \/>\n<meta property=\"og:locale\" content=\"fr_FR\" \/>\n<meta property=\"og:type\" content=\"article\" \/>\n<meta property=\"og:title\" content=\"Privacy Policy - PT Sri Dewi Baruna\" \/>\n<meta property=\"og:description\" content=\"Privacy Policy 1. Collection and Use of Personal Information 2. Disclosure of Personal Information 3. Security 4. Cookies and Other Tracking Technologies 5. Your Rights 6. Retention of Personal Information 7. Changes to this Privacy Policy 1. Collection and Use of Personal Information We collect personal information, such as your name, email address, and phone [&hellip;]\" \/>\n<meta property=\"og:url\" content=\"https:\/\/ptsridewibaruna.co.id\/fr\/privacy-policy\/\" \/>\n<meta property=\"og:site_name\" content=\"PT Sri Dewi Baruna\" \/>\n<meta property=\"article:publisher\" content=\"https:\/\/www.facebook.com\/ptsridewibaruna\" \/>\n<meta property=\"article:modified_time\" content=\"2023-04-16T20:17:02+00:00\" \/>\n<meta name=\"twitter:card\" content=\"summary_large_image\" \/>\n<meta name=\"twitter:label1\" content=\"Dur\u00e9e de lecture estim\u00e9e\" \/>\n\t<meta name=\"twitter:data1\" content=\"2 minutes\" \/>\n<script type=\"application\/ld+json\" class=\"yoast-schema-graph\">{\"@context\":\"https:\/\/schema.org\",\"@graph\":[{\"@type\":\"WebPage\",\"@id\":\"https:\/\/ptsridewibaruna.co.id\/privacy-policy\/\",\"url\":\"https:\/\/ptsridewibaruna.co.id\/privacy-policy\/\",\"name\":\"Privacy Policy - PT Sri Dewi Baruna\",\"isPartOf\":{\"@id\":\"https:\/\/ptsridewibaruna.co.id\/#website\"},\"datePublished\":\"2023-03-13T15:51:46+00:00\",\"dateModified\":\"2023-04-16T20:17:02+00:00\",\"breadcrumb\":{\"@id\":\"https:\/\/ptsridewibaruna.co.id\/privacy-policy\/#breadcrumb\"},\"inLanguage\":\"fr-FR\",\"potentialAction\":[{\"@type\":\"ReadAction\",\"target\":[\"https:\/\/ptsridewibaruna.co.id\/privacy-policy\/\"]}]},{\"@type\":\"BreadcrumbList\",\"@id\":\"https:\/\/ptsridewibaruna.co.id\/privacy-policy\/#breadcrumb\",\"itemListElement\":[{\"@type\":\"ListItem\",\"position\":1,\"name\":\"Home\",\"item\":\"https:\/\/ptsridewibaruna.co.id\/\"},{\"@type\":\"ListItem\",\"position\":2,\"name\":\"Privacy Policy\"}]},{\"@type\":\"WebSite\",\"@id\":\"https:\/\/ptsridewibaruna.co.id\/#website\",\"url\":\"https:\/\/ptsridewibaruna.co.id\/\",\"name\":\"PT Sri Dewi Baruna\",\"description\":\"Template Kit For Education, School &amp; Online Course\",\"publisher\":{\"@id\":\"https:\/\/ptsridewibaruna.co.id\/#organization\"},\"potentialAction\":[{\"@type\":\"SearchAction\",\"target\":{\"@type\":\"EntryPoint\",\"urlTemplate\":\"https:\/\/ptsridewibaruna.co.id\/?s={search_term_string}\"},\"query-input\":\"required name=search_term_string\"}],\"inLanguage\":\"fr-FR\"},{\"@type\":\"Organization\",\"@id\":\"https:\/\/ptsridewibaruna.co.id\/#organization\",\"name\":\"PT Sri Dewi Baruna\",\"url\":\"https:\/\/ptsridewibaruna.co.id\/\",\"logo\":{\"@type\":\"ImageObject\",\"inLanguage\":\"fr-FR\",\"@id\":\"https:\/\/ptsridewibaruna.co.id\/#\/schema\/logo\/image\/\",\"url\":\"https:\/\/ptsridewibaruna.co.id\/wp-content\/uploads\/2023\/03\/logo.png\",\"contentUrl\":\"https:\/\/ptsridewibaruna.co.id\/wp-content\/uploads\/2023\/03\/logo.png\",\"width\":512,\"height\":512,\"caption\":\"PT Sri Dewi Baruna\"},\"image\":{\"@id\":\"https:\/\/ptsridewibaruna.co.id\/#\/schema\/logo\/image\/\"},\"sameAs\":[\"https:\/\/www.facebook.com\/ptsridewibaruna\"]}]}<\/script>\n<!-- \/ Yoast SEO plugin. -->","yoast_head_json":{"title":"Privacy Policy - PT Sri Dewi Baruna","robots":{"index":"index","follow":"follow","max-snippet":"max-snippet:-1","max-image-preview":"max-image-preview:large","max-video-preview":"max-video-preview:-1"},"canonical":"https:\/\/ptsridewibaruna.co.id\/fr\/privacy-policy\/","og_locale":"fr_FR","og_type":"article","og_title":"Privacy Policy - PT Sri Dewi Baruna","og_description":"Privacy Policy 1. Collection and Use of Personal Information 2. Disclosure of Personal Information 3. Security 4. Cookies and Other Tracking Technologies 5. Your Rights 6. Retention of Personal Information 7. Changes to this Privacy Policy 1. Collection and Use of Personal Information We collect personal information, such as your name, email address, and phone [&hellip;]","og_url":"https:\/\/ptsridewibaruna.co.id\/fr\/privacy-policy\/","og_site_name":"PT Sri Dewi Baruna","article_publisher":"https:\/\/www.facebook.com\/ptsridewibaruna","article_modified_time":"2023-04-16T20:17:02+00:00","twitter_card":"summary_large_image","twitter_misc":{"Dur\u00e9e de lecture estim\u00e9e":"2 minutes"},"schema":{"@context":"https:\/\/schema.org","@graph":[{"@type":"WebPage","@id":"https:\/\/ptsridewibaruna.co.id\/privacy-policy\/","url":"https:\/\/ptsridewibaruna.co.id\/privacy-policy\/","name":"Privacy Policy - PT Sri Dewi Baruna","isPartOf":{"@id":"https:\/\/ptsridewibaruna.co.id\/#website"},"datePublished":"2023-03-13T15:51:46+00:00","dateModified":"2023-04-16T20:17:02+00:00","breadcrumb":{"@id":"https:\/\/ptsridewibaruna.co.id\/privacy-policy\/#breadcrumb"},"inLanguage":"fr-FR","potentialAction":[{"@type":"ReadAction","target":["https:\/\/ptsridewibaruna.co.id\/privacy-policy\/"]}]},{"@type":"BreadcrumbList","@id":"https:\/\/ptsridewibaruna.co.id\/privacy-policy\/#breadcrumb","itemListElement":[{"@type":"ListItem","position":1,"name":"Home","item":"https:\/\/ptsridewibaruna.co.id\/"},{"@type":"ListItem","position":2,"name":"Privacy Policy"}]},{"@type":"WebSite","@id":"https:\/\/ptsridewibaruna.co.id\/#website","url":"https:\/\/ptsridewibaruna.co.id\/","name":"PT Sri Dewi Baruna","description":"Template Kit For Education, School &amp; Online Course","publisher":{"@id":"https:\/\/ptsridewibaruna.co.id\/#organization"},"potentialAction":[{"@type":"SearchAction","target":{"@type":"EntryPoint","urlTemplate":"https:\/\/ptsridewibaruna.co.id\/?s={search_term_string}"},"query-input":"required name=search_term_string"}],"inLanguage":"fr-FR"},{"@type":"Organization","@id":"https:\/\/ptsridewibaruna.co.id\/#organization","name":"PT Sri Dewi Baruna","url":"https:\/\/ptsridewibaruna.co.id\/","logo":{"@type":"ImageObject","inLanguage":"fr-FR","@id":"https:\/\/ptsridewibaruna.co.id\/#\/schema\/logo\/image\/","url":"https:\/\/ptsridewibaruna.co.id\/wp-content\/uploads\/2023\/03\/logo.png","contentUrl":"https:\/\/ptsridewibaruna.co.id\/wp-content\/uploads\/2023\/03\/logo.png","width":512,"height":512,"caption":"PT Sri Dewi Baruna"},"image":{"@id":"https:\/\/ptsridewibaruna.co.id\/#\/schema\/logo\/image\/"},"sameAs":["https:\/\/www.facebook.com\/ptsridewibaruna"]}]}},"_links":{"self":[{"href":"https:\/\/ptsridewibaruna.co.id\/fr\/wp-json\/wp\/v2\/pages\/715"}],"collection":[{"href":"https:\/\/ptsridewibaruna.co.id\/fr\/wp-json\/wp\/v2\/pages"}],"about":[{"href":"https:\/\/ptsridewibaruna.co.id\/fr\/wp-json\/wp\/v2\/types\/page"}],"author":[{"embeddable":true,"href":"https:\/\/ptsridewibaruna.co.id\/fr\/wp-json\/wp\/v2\/users\/1"}],"replies":[{"embeddable":true,"href":"https:\/\/ptsridewibaruna.co.id\/fr\/wp-json\/wp\/v2\/comments?post=715"}],"version-history":[{"count":66,"href":"https:\/\/ptsridewibaruna.co.id\/fr\/wp-json\/wp\/v2\/pages\/715\/revisions"}],"predecessor-version":[{"id":2486,"href":"https:\/\/ptsridewibaruna.co.id\/fr\/wp-json\/wp\/v2\/pages\/715\/revisions\/2486"}],"wp:attachment":[{"href":"https:\/\/ptsridewibaruna.co.id\/fr\/wp-json\/wp\/v2\/media?parent=715"}],"curies":[{"name":"wp","href":"https:\/\/api.w.org\/{rel}","templated":true}]}}